{"id":638,"date":"2019-02-03T17:25:34","date_gmt":"2019-02-03T17:25:34","guid":{"rendered":"https:\/\/steakhouse-rastatt.de\/?page_id=638"},"modified":"2026-01-21T19:21:51","modified_gmt":"2026-01-21T19:21:51","slug":"impressum","status":"publish","type":"page","link":"https:\/\/steakhouse-lahr.de\/index.php\/impressum\/","title":{"rendered":"IMPRESSUM"},"content":{"rendered":"\n<style type=\"text\/css\" data-created_by=\"avia_inline_auto\" id=\"style-css-av-7hjdx-7f1d679567dc179e520c67110372d97d\">\n.flex_column.av-7hjdx-7f1d679567dc179e520c67110372d97d{\nborder-radius:0px 0px 0px 0px;\npadding:0px 0px 0px 0px;\n}\n<\/style>\n<div  class='flex_column av-7hjdx-7f1d679567dc179e520c67110372d97d av_one_full  avia-builder-el-0  avia-builder-el-no-sibling  first flex_column_div av-zero-column-padding  '     ><section  class='av_textblock_section av-jrp6csgg-04d6202e8cc716f4464ed6bf3c9f1a12 '   itemscope=\"itemscope\" itemtype=\"https:\/\/schema.org\/CreativeWork\" ><div class='avia_textblock'  itemprop=\"text\" ><h2>Angaben gem\u00e4\u00df \u00a7 5 TMG<\/h2>\n<p>Evangelos Venedikis<br \/>\nWILD BILLS SALOON<br \/>\nFritz-Rinderspacher-Stra\u00dfe 1,<br \/>\n77933 Lahr<\/p>\n<h2>Kontakt<\/h2>\n<p>Telefon: +49 7821 9908517<br \/>\nE-Mail: info@steakhouse-lahr.de<\/p>\n<h2>EU-Streitschlichtung<\/h2>\n<p>Die Europ\u00e4ische Kommission stellt eine Plattform zur Online-Streitbeilegung (OS) bereit: <a href=\"https:\/\/ec.europa.eu\/consumers\/odr\" target=\"_blank\" rel=\"noopener noreferrer\">https:\/\/ec.europa.eu\/consumers\/odr<\/a>.<br \/>\nUnsere E-Mail-Adresse finden Sie oben im Impressum.<\/p>\n<h2>Verbraucher\u00adstreit\u00adbeilegung\/Universal\u00adschlichtungs\u00adstelle<\/h2>\n<p>Wir sind nicht bereit oder verpflichtet, an Streitbeilegungsverfahren vor einer Verbraucherschlichtungsstelle teilzunehmen.<\/p>\n<h3>Haftung f\u00fcr Inhalte<\/h3>\n<p>Als Diensteanbieter sind wir gem\u00e4\u00df \u00a7 7 Abs.1 TMG f\u00fcr eigene Inhalte auf diesen Seiten nach den allgemeinen Gesetzen verantwortlich. Nach \u00a7\u00a7 8 bis 10 TMG sind wir als Diensteanbieter jedoch nicht verpflichtet, \u00fcbermittelte oder gespeicherte fremde Informationen zu \u00fcberwachen oder nach Umst\u00e4nden zu forschen, die auf eine rechtswidrige T\u00e4tigkeit hinweisen.<\/p>\n<p>Verpflichtungen zur Entfernung oder Sperrung der Nutzung von Informationen nach den allgemeinen Gesetzen bleiben hiervon unber\u00fchrt. Eine diesbez\u00fcgliche Haftung ist jedoch erst ab dem Zeitpunkt der Kenntnis einer konkreten Rechtsverletzung m\u00f6glich. Bei Bekanntwerden von entsprechenden Rechtsverletzungen werden wir diese Inhalte umgehend entfernen.<\/p>\n<h3>Haftung f\u00fcr Links<\/h3>\n<p>Unser Angebot enth\u00e4lt Links zu externen Websites Dritter, auf deren Inhalte wir keinen Einfluss haben. Deshalb k\u00f6nnen wir f\u00fcr diese fremden Inhalte auch keine Gew\u00e4hr \u00fcbernehmen. F\u00fcr die Inhalte der verlinkten Seiten ist stets der jeweilige Anbieter oder Betreiber der Seiten verantwortlich. Die verlinkten Seiten wurden zum Zeitpunkt der Verlinkung auf m\u00f6gliche Rechtsverst\u00f6\u00dfe \u00fcberpr\u00fcft. Rechtswidrige Inhalte waren zum Zeitpunkt der Verlinkung nicht erkennbar.<\/p>\n<p>Eine permanente inhaltliche Kontrolle der verlinkten Seiten ist jedoch ohne konkrete Anhaltspunkte einer Rechtsverletzung nicht zumutbar. Bei Bekanntwerden von Rechtsverletzungen werden wir derartige Links umgehend entfernen.<\/p>\n<h3>Urheberrecht<\/h3>\n<p>Die durch die Seitenbetreiber erstellten Inhalte und Werke auf diesen Seiten unterliegen dem deutschen Urheberrecht. Die Vervielf\u00e4ltigung, Bearbeitung, Verbreitung und jede Art der Verwertung au\u00dferhalb der Grenzen des Urheberrechtes bed\u00fcrfen der schriftlichen Zustimmung des jeweiligen Autors bzw. Erstellers. Downloads und Kopien dieser Seite sind nur f\u00fcr den privaten, nicht kommerziellen Gebrauch gestattet.<\/p>\n<p>Soweit die Inhalte auf dieser Seite nicht vom Betreiber erstellt wurden, werden die Urheberrechte Dritter beachtet. Insbesondere werden Inhalte Dritter als solche gekennzeichnet. Sollten Sie trotzdem auf eine Urheberrechtsverletzung aufmerksam werden, bitten wir um einen entsprechenden Hinweis. Bei Bekanntwerden von Rechtsverletzungen werden wir derartige Inhalte umgehend entfernen.<\/p>\n<p>Bildquellen: \u00a9 michael masarczyk photographie \/\/ \u00a9 freepik \/\/ \u00a9 Kriesi Media 1070 Wien \/\/ \u00a9 SolidMaks &#8211; shutterstock.com \/\/ \u00a9 Rawpixel.com &#8211; shutterstock.com \/\/ \u00a9 Kay Antonette Pelaez &#8211; shutterstock.com \/\/ \u00a9 Everett Historical &#8211; shutterstock.com<\/p>\n<\/div><\/section><\/div>\n","protected":false},"excerpt":{"rendered":"","protected":false},"author":1,"featured_media":0,"parent":0,"menu_order":0,"comment_status":"open","ping_status":"closed","template":"","meta":{"footnotes":""},"class_list":["post-638","page","type-page","status-publish","hentry"],"yoast_head":"<!-- This site is optimized with the Yoast SEO plugin v27.2 - https:\/\/yoast.com\/product\/yoast-seo-wordpress\/ -->\n<title>IMPRESSUM - STEAKHOUSE LAHR<\/title>\n<meta name=\"robots\" content=\"index, follow, max-snippet:-1, max-image-preview:large, max-video-preview:-1\" \/>\n<link rel=\"canonical\" href=\"https:\/\/steakhouse-lahr.de\/index.php\/impressum\/\" \/>\n<meta property=\"og:locale\" content=\"de_DE\" \/>\n<meta property=\"og:type\" content=\"article\" \/>\n<meta property=\"og:title\" content=\"IMPRESSUM - STEAKHOUSE LAHR\" \/>\n<meta property=\"og:url\" content=\"https:\/\/steakhouse-lahr.de\/index.php\/impressum\/\" \/>\n<meta property=\"og:site_name\" content=\"STEAKHOUSE LAHR\" \/>\n<meta property=\"article:publisher\" content=\"https:\/\/de-de.facebook.com\/pages\/category\/American-Restaurant\/Wild-Bills-Saloon-Mosbach-243085736381582\/\" \/>\n<meta property=\"article:modified_time\" content=\"2026-01-21T19:21:51+00:00\" \/>\n<meta name=\"twitter:card\" content=\"summary_large_image\" \/>\n<meta name=\"twitter:label1\" content=\"Gesch\u00e4tzte Lesezeit\" \/>\n\t<meta name=\"twitter:data1\" content=\"3\u00a0Minuten\" \/>\n<script type=\"application\/ld+json\" class=\"yoast-schema-graph\">{\"@context\":\"https:\/\/schema.org\",\"@graph\":[{\"@type\":\"WebPage\",\"@id\":\"https:\/\/steakhouse-lahr.de\/index.php\/impressum\/\",\"url\":\"https:\/\/steakhouse-lahr.de\/index.php\/impressum\/\",\"name\":\"IMPRESSUM - STEAKHOUSE LAHR\",\"isPartOf\":{\"@id\":\"https:\/\/steakhouse-lahr.de\/#website\"},\"datePublished\":\"2019-02-03T17:25:34+00:00\",\"dateModified\":\"2026-01-21T19:21:51+00:00\",\"breadcrumb\":{\"@id\":\"https:\/\/steakhouse-lahr.de\/index.php\/impressum\/#breadcrumb\"},\"inLanguage\":\"de\",\"potentialAction\":[{\"@type\":\"ReadAction\",\"target\":[\"https:\/\/steakhouse-lahr.de\/index.php\/impressum\/\"]}]},{\"@type\":\"BreadcrumbList\",\"@id\":\"https:\/\/steakhouse-lahr.de\/index.php\/impressum\/#breadcrumb\",\"itemListElement\":[{\"@type\":\"ListItem\",\"position\":1,\"name\":\"Startseite\",\"item\":\"https:\/\/steakhouse-lahr.de\/index.php\/wild-bills-saloon-lahr\/\"},{\"@type\":\"ListItem\",\"position\":2,\"name\":\"IMPRESSUM\"}]},{\"@type\":\"WebSite\",\"@id\":\"https:\/\/steakhouse-lahr.de\/#website\",\"url\":\"https:\/\/steakhouse-lahr.de\/\",\"name\":\"STEAKHOUSE LAHR\",\"description\":\"WILD BILLS SALOON LAHR\",\"publisher\":{\"@id\":\"https:\/\/steakhouse-lahr.de\/#organization\"},\"potentialAction\":[{\"@type\":\"SearchAction\",\"target\":{\"@type\":\"EntryPoint\",\"urlTemplate\":\"https:\/\/steakhouse-lahr.de\/?s={search_term_string}\"},\"query-input\":{\"@type\":\"PropertyValueSpecification\",\"valueRequired\":true,\"valueName\":\"search_term_string\"}}],\"inLanguage\":\"de\"},{\"@type\":\"Organization\",\"@id\":\"https:\/\/steakhouse-lahr.de\/#organization\",\"name\":\"WILD BILLS SALOON steakhouse RASTATT\",\"url\":\"https:\/\/steakhouse-lahr.de\/\",\"logo\":{\"@type\":\"ImageObject\",\"inLanguage\":\"de\",\"@id\":\"https:\/\/steakhouse-lahr.de\/#\/schema\/logo\/image\/\",\"url\":\"https:\/\/steakhouse-lahr.de\/wp-content\/uploads\/2019\/01\/FAVICON.png\",\"contentUrl\":\"https:\/\/steakhouse-lahr.de\/wp-content\/uploads\/2019\/01\/FAVICON.png\",\"width\":512,\"height\":512,\"caption\":\"WILD BILLS SALOON steakhouse RASTATT\"},\"image\":{\"@id\":\"https:\/\/steakhouse-lahr.de\/#\/schema\/logo\/image\/\"},\"sameAs\":[\"https:\/\/de-de.facebook.com\/pages\/category\/American-Restaurant\/Wild-Bills-Saloon-Mosbach-243085736381582\/\"]}]}<\/script>\n<!-- \/ Yoast SEO plugin. -->","yoast_head_json":{"title":"IMPRESSUM - STEAKHOUSE LAHR","robots":{"index":"index","follow":"follow","max-snippet":"max-snippet:-1","max-image-preview":"max-image-preview:large","max-video-preview":"max-video-preview:-1"},"canonical":"https:\/\/steakhouse-lahr.de\/index.php\/impressum\/","og_locale":"de_DE","og_type":"article","og_title":"IMPRESSUM - STEAKHOUSE LAHR","og_url":"https:\/\/steakhouse-lahr.de\/index.php\/impressum\/","og_site_name":"STEAKHOUSE LAHR","article_publisher":"https:\/\/de-de.facebook.com\/pages\/category\/American-Restaurant\/Wild-Bills-Saloon-Mosbach-243085736381582\/","article_modified_time":"2026-01-21T19:21:51+00:00","twitter_card":"summary_large_image","twitter_misc":{"Gesch\u00e4tzte Lesezeit":"3\u00a0Minuten"},"schema":{"@context":"https:\/\/schema.org","@graph":[{"@type":"WebPage","@id":"https:\/\/steakhouse-lahr.de\/index.php\/impressum\/","url":"https:\/\/steakhouse-lahr.de\/index.php\/impressum\/","name":"IMPRESSUM - STEAKHOUSE LAHR","isPartOf":{"@id":"https:\/\/steakhouse-lahr.de\/#website"},"datePublished":"2019-02-03T17:25:34+00:00","dateModified":"2026-01-21T19:21:51+00:00","breadcrumb":{"@id":"https:\/\/steakhouse-lahr.de\/index.php\/impressum\/#breadcrumb"},"inLanguage":"de","potentialAction":[{"@type":"ReadAction","target":["https:\/\/steakhouse-lahr.de\/index.php\/impressum\/"]}]},{"@type":"BreadcrumbList","@id":"https:\/\/steakhouse-lahr.de\/index.php\/impressum\/#breadcrumb","itemListElement":[{"@type":"ListItem","position":1,"name":"Startseite","item":"https:\/\/steakhouse-lahr.de\/index.php\/wild-bills-saloon-lahr\/"},{"@type":"ListItem","position":2,"name":"IMPRESSUM"}]},{"@type":"WebSite","@id":"https:\/\/steakhouse-lahr.de\/#website","url":"https:\/\/steakhouse-lahr.de\/","name":"STEAKHOUSE LAHR","description":"WILD BILLS SALOON LAHR","publisher":{"@id":"https:\/\/steakhouse-lahr.de\/#organization"},"potentialAction":[{"@type":"SearchAction","target":{"@type":"EntryPoint","urlTemplate":"https:\/\/steakhouse-lahr.de\/?s={search_term_string}"},"query-input":{"@type":"PropertyValueSpecification","valueRequired":true,"valueName":"search_term_string"}}],"inLanguage":"de"},{"@type":"Organization","@id":"https:\/\/steakhouse-lahr.de\/#organization","name":"WILD BILLS SALOON steakhouse RASTATT","url":"https:\/\/steakhouse-lahr.de\/","logo":{"@type":"ImageObject","inLanguage":"de","@id":"https:\/\/steakhouse-lahr.de\/#\/schema\/logo\/image\/","url":"https:\/\/steakhouse-lahr.de\/wp-content\/uploads\/2019\/01\/FAVICON.png","contentUrl":"https:\/\/steakhouse-lahr.de\/wp-content\/uploads\/2019\/01\/FAVICON.png","width":512,"height":512,"caption":"WILD BILLS SALOON steakhouse RASTATT"},"image":{"@id":"https:\/\/steakhouse-lahr.de\/#\/schema\/logo\/image\/"},"sameAs":["https:\/\/de-de.facebook.com\/pages\/category\/American-Restaurant\/Wild-Bills-Saloon-Mosbach-243085736381582\/"]}]}},"_links":{"self":[{"href":"https:\/\/steakhouse-lahr.de\/index.php\/wp-json\/wp\/v2\/pages\/638","targetHints":{"allow":["GET"]}}],"collection":[{"href":"https:\/\/steakhouse-lahr.de\/index.php\/wp-json\/wp\/v2\/pages"}],"about":[{"href":"https:\/\/steakhouse-lahr.de\/index.php\/wp-json\/wp\/v2\/types\/page"}],"author":[{"embeddable":true,"href":"https:\/\/steakhouse-lahr.de\/index.php\/wp-json\/wp\/v2\/users\/1"}],"replies":[{"embeddable":true,"href":"https:\/\/steakhouse-lahr.de\/index.php\/wp-json\/wp\/v2\/comments?post=638"}],"version-history":[{"count":7,"href":"https:\/\/steakhouse-lahr.de\/index.php\/wp-json\/wp\/v2\/pages\/638\/revisions"}],"predecessor-version":[{"id":954,"href":"https:\/\/steakhouse-lahr.de\/index.php\/wp-json\/wp\/v2\/pages\/638\/revisions\/954"}],"wp:attachment":[{"href":"https:\/\/steakhouse-lahr.de\/index.php\/wp-json\/wp\/v2\/media?parent=638"}],"curies":[{"name":"wp","href":"https:\/\/api.w.org\/{rel}","templated":true}]}}